{"id":106,"date":"2024-11-14T15:02:13","date_gmt":"2024-11-14T15:02:13","guid":{"rendered":"https:\/\/grupoa1.es\/?page_id=106"},"modified":"2024-11-20T17:59:07","modified_gmt":"2024-11-20T17:59:07","slug":"a1recruiting","status":"publish","type":"page","link":"https:\/\/grupoa1.es\/es\/a1recruiting\/","title":{"rendered":"A1 Contrataci\u00f3n"},"content":{"rendered":"<p><div class=\"fusion-fullwidth fullwidth-box fusion-builder-row-1 fusion-flex-container has-pattern-background has-mask-background hundred-percent-fullwidth non-hundred-percent-height-scrolling\" style=\"--awb-border-radius-top-left:0px;--awb-border-radius-top-right:0px;--awb-border-radius-bottom-right:0px;--awb-border-radius-bottom-left:0px;--awb-padding-right:0px;--awb-padding-left:0px;--awb-flex-wrap:wrap;\" ><div class=\"fusion-builder-row fusion-row fusion-flex-align-items-flex-start fusion-flex-content-wrap\" style=\"width:104% !important;max-width:104% !important;margin-left: calc(-4% \/ 2 );margin-right: calc(-4% \/ 2 );\"><div class=\"fusion-layout-column fusion_builder_column fusion-builder-column-0 fusion_builder_column_1_1 1_1 fusion-flex-column\" style=\"--awb-bg-size:cover;--awb-width-large:100%;--awb-margin-top-large:0px;--awb-spacing-right-large:1.92%;--awb-margin-bottom-large:20px;--awb-spacing-left-large:1.92%;--awb-width-medium:100%;--awb-order-medium:0;--awb-spacing-right-medium:1.92%;--awb-spacing-left-medium:1.92%;--awb-width-small:100%;--awb-order-small:0;--awb-spacing-right-small:1.92%;--awb-spacing-left-small:1.92%;\"><div class=\"fusion-column-wrapper fusion-column-has-shadow fusion-flex-justify-content-flex-start fusion-content-layout-column\"><div class=\"fusion-slider-sc\"><div class=\"fusion-flexslider-loading flexslider flexslider-hover-type-none\" data-slideshow_autoplay=\"1\" data-slideshow_smooth_height=\"0\" data-slideshow_speed=\"7000\" style=\"max-width:100%;height:100%;\"><ul class=\"slides\"><li class=\"image\"><span class=\"fusion-image-hover-element hover-type-none\"><img decoding=\"async\" src=\"https:\/\/grupoa1.es\/wp-content\/uploads\/2025\/02\/\u62db\u8058-2.jpg\" width=\"1920\" height=\"699\" class=\"wp-image-613\" srcset=\"https:\/\/grupoa1.es\/wp-content\/uploads\/2025\/02\/\u62db\u8058-2-18x7.jpg 18w, https:\/\/grupoa1.es\/wp-content\/uploads\/2025\/02\/\u62db\u8058-2-200x73.jpg 200w, https:\/\/grupoa1.es\/wp-content\/uploads\/2025\/02\/\u62db\u8058-2-300x109.jpg 300w, https:\/\/grupoa1.es\/wp-content\/uploads\/2025\/02\/\u62db\u8058-2-400x146.jpg 400w, https:\/\/grupoa1.es\/wp-content\/uploads\/2025\/02\/\u62db\u8058-2-600x218.jpg 600w, https:\/\/grupoa1.es\/wp-content\/uploads\/2025\/02\/\u62db\u8058-2-768x280.jpg 768w, https:\/\/grupoa1.es\/wp-content\/uploads\/2025\/02\/\u62db\u8058-2-800x291.jpg 800w, https:\/\/grupoa1.es\/wp-content\/uploads\/2025\/02\/\u62db\u8058-2-1024x373.jpg 1024w, https:\/\/grupoa1.es\/wp-content\/uploads\/2025\/02\/\u62db\u8058-2-1200x437.jpg 1200w, https:\/\/grupoa1.es\/wp-content\/uploads\/2025\/02\/\u62db\u8058-2-1536x559.jpg 1536w, https:\/\/grupoa1.es\/wp-content\/uploads\/2025\/02\/\u62db\u8058-2.jpg 1920w\" sizes=\"(max-width: 640px) 100vw, 1920px\" \/><\/span><\/li><li class=\"image\"><span class=\"fusion-image-hover-element hover-type-none\"><img decoding=\"async\" src=\"https:\/\/grupoa1.es\/wp-content\/uploads\/2025\/02\/\u62db\u8058-1.jpg\" width=\"1920\" height=\"700\" class=\"wp-image-612\" srcset=\"https:\/\/grupoa1.es\/wp-content\/uploads\/2025\/02\/\u62db\u8058-1-18x7.jpg 18w, https:\/\/grupoa1.es\/wp-content\/uploads\/2025\/02\/\u62db\u8058-1-200x73.jpg 200w, https:\/\/grupoa1.es\/wp-content\/uploads\/2025\/02\/\u62db\u8058-1-300x109.jpg 300w, https:\/\/grupoa1.es\/wp-content\/uploads\/2025\/02\/\u62db\u8058-1-400x146.jpg 400w, https:\/\/grupoa1.es\/wp-content\/uploads\/2025\/02\/\u62db\u8058-1-600x218.jpg 600w, https:\/\/grupoa1.es\/wp-content\/uploads\/2025\/02\/\u62db\u8058-1-768x280.jpg 768w, https:\/\/grupoa1.es\/wp-content\/uploads\/2025\/02\/\u62db\u8058-1-800x291.jpg 800w, https:\/\/grupoa1.es\/wp-content\/uploads\/2025\/02\/\u62db\u8058-1-1024x373.jpg 1024w, https:\/\/grupoa1.es\/wp-content\/uploads\/2025\/02\/\u62db\u8058-1-1200x437.jpg 1200w, https:\/\/grupoa1.es\/wp-content\/uploads\/2025\/02\/\u62db\u8058-1-1536x559.jpg 1536w, https:\/\/grupoa1.es\/wp-content\/uploads\/2025\/02\/\u62db\u8058-1.jpg 1920w\" sizes=\"(max-width: 640px) 100vw, 1920px\" \/><\/span><\/li><\/ul><\/div><\/div><\/div><\/div><\/div><\/div><div class=\"fusion-fullwidth fullwidth-box fusion-builder-row-2 fusion-flex-container has-pattern-background has-mask-background nonhundred-percent-fullwidth non-hundred-percent-height-scrolling\" style=\"--awb-border-radius-top-left:0px;--awb-border-radius-top-right:0px;--awb-border-radius-bottom-right:0px;--awb-border-radius-bottom-left:0px;--awb-flex-wrap:wrap;\" ><div class=\"fusion-builder-row fusion-row fusion-flex-align-items-flex-start fusion-flex-content-wrap\" style=\"max-width:1456px;margin-left: calc(-4% \/ 2 );margin-right: calc(-4% \/ 2 );\"><div class=\"fusion-layout-column fusion_builder_column fusion-builder-column-1 fusion_builder_column_1_1 1_1 fusion-flex-column\" style=\"--awb-bg-size:cover;--awb-width-large:100%;--awb-margin-top-large:0px;--awb-spacing-right-large:1.92%;--awb-margin-bottom-large:20px;--awb-spacing-left-large:1.92%;--awb-width-medium:100%;--awb-order-medium:0;--awb-spacing-right-medium:1.92%;--awb-spacing-left-medium:1.92%;--awb-width-small:100%;--awb-order-small:0;--awb-spacing-right-small:1.92%;--awb-spacing-left-small:1.92%;\"><div class=\"fusion-column-wrapper fusion-column-has-shadow fusion-flex-justify-content-flex-start fusion-content-layout-column\"><div class=\"fusion-text fusion-text-1\"><p style=\"text-align: center;\"><strong style=\"font-size: 50px;\">Si amas la industria.<br \/>\nEntonces es m\u00e1s que un<\/strong><strong style=\"font-size: 50px; color: #00b1ef;\">trabajar!<\/strong><\/p>\n<p style=\"text-align: center; font-size: 20px;\">Hay un grupo de gente que<br \/>\nEst\u00e1n dispuestos a poner toda su energ\u00eda en este lugar, y est\u00e1n dispuestos a poner sus buenas visiones para sus carreras en este lugar.<br \/>\nEst\u00e9 dispuesto a olvidar el paso del tiempo y ponga su pasi\u00f3n por la vida en este lugar.Aqu\u00ed no hay intercambios aburridos, ni cooperaci\u00f3n m\u00e1s all\u00e1 de la paciencia.<br \/>\nNo hay pensamientos de libertad perdida, ni barreras infranqueables;<br \/>\nAlgunas son t\u00e1citas, relajadas y armoniosas; otras son indulgentes, ricas y autocomplacientes.<\/p>\n<\/div><\/div><\/div><\/div><\/div><div class=\"fusion-fullwidth fullwidth-box fusion-builder-row-3 fusion-flex-container has-pattern-background has-mask-background nonhundred-percent-fullwidth non-hundred-percent-height-scrolling\" style=\"--awb-border-radius-top-left:0px;--awb-border-radius-top-right:0px;--awb-border-radius-bottom-right:0px;--awb-border-radius-bottom-left:0px;--awb-flex-wrap:wrap;\" ><div class=\"fusion-builder-row fusion-row fusion-flex-align-items-flex-start fusion-flex-content-wrap\" style=\"max-width:1456px;margin-left: calc(-4% \/ 2 );margin-right: calc(-4% \/ 2 );\"><div class=\"fusion-layout-column fusion_builder_column fusion-builder-column-2 fusion_builder_column_1_1 1_1 fusion-flex-column\" style=\"--awb-bg-size:cover;--awb-width-large:100%;--awb-margin-top-large:0px;--awb-spacing-right-large:1.92%;--awb-margin-bottom-large:20px;--awb-spacing-left-large:1.92%;--awb-width-medium:100%;--awb-order-medium:0;--awb-spacing-right-medium:1.92%;--awb-spacing-left-medium:1.92%;--awb-width-small:100%;--awb-order-small:0;--awb-spacing-right-small:1.92%;--awb-spacing-left-small:1.92%;\"><div class=\"fusion-column-wrapper fusion-column-has-shadow fusion-flex-justify-content-flex-start fusion-content-layout-column\"><div class=\"fusion-tabs fusion-tabs-1 classic nav-is-justified horizontal-tabs icon-position-left mobile-mode-accordion\" style=\"--awb-title-border-radius-top-left:0px;--awb-title-border-radius-top-right:0px;--awb-title-border-radius-bottom-right:0px;--awb-title-border-radius-bottom-left:0px;--awb-title-font-size:16px;--awb-alignment:start;--awb-inactive-color:var(--awb-color2);--awb-background-color:var(--awb-color1);--awb-border-color:#f08519;--awb-active-border-color:#ff8000;\"><div class=\"nav\"><ul class=\"nav-tabs nav-justified\" role=\"tablist\"><li class=\"active\" role=\"presentation\"><a class=\"tab-link\" data-toggle=\"tab\" role=\"tab\" aria-controls=\"tab-3090966ddffb3bbaf02\" aria-selected=\"true\" id=\"fusion-tab-a1\u4eba\u624d\u62db\u8058\" href=\"#tab-3090966ddffb3bbaf02\"><h4 class=\"fusion-tab-heading\">A1 Contrataci\u00f3n <\/h4><\/a><\/li><li role=\"presentation\"><a class=\"tab-link\" data-toggle=\"tab\" role=\"tab\" aria-controls=\"tab-2d41c72d02c80c1f055\" aria-selected=\"false\" tabindex=\"-1\" id=\"fusion-tab-a1\u4eba\u624d\u6807\u51c6\" href=\"#tab-2d41c72d02c80c1f055\"><h4 class=\"fusion-tab-heading\">A1 Talento Est\u00e1ndar<\/h4><\/a><\/li><li role=\"presentation\"><a class=\"tab-link\" data-toggle=\"tab\" role=\"tab\" aria-controls=\"tab-46c6f68331a44aae691\" aria-selected=\"false\" tabindex=\"-1\" id=\"fusion-tab-a1\u4eba\u624d\u89c2\" href=\"#tab-46c6f68331a44aae691\"><h4 class=\"fusion-tab-heading\">A1 Talento<\/h4><\/a><\/li><li role=\"presentation\"><a class=\"tab-link\" data-toggle=\"tab\" role=\"tab\" aria-controls=\"tab-880aae95bd5b038b88c\" aria-selected=\"false\" tabindex=\"-1\" id=\"fusion-tab-\u5de5\u4f5c\u5728a1\" href=\"#tab-880aae95bd5b038b88c\"><h4 class=\"fusion-tab-heading\">Trabajar en A1<\/h4><\/a><\/li><\/ul><\/div><div class=\"tab-content\"><div class=\"nav fusion-mobile-tab-nav\"><ul class=\"nav-tabs nav-justified\" role=\"tablist\"><li class=\"active\" role=\"presentation\"><a class=\"tab-link\" data-toggle=\"tab\" role=\"tab\" aria-controls=\"tab-3090966ddffb3bbaf02\" aria-selected=\"true\" id=\"mobile-fusion-tab-a1\u4eba\u624d\u62db\u8058\" href=\"#tab-3090966ddffb3bbaf02\"><h4 class=\"fusion-tab-heading\">A1 Contrataci\u00f3n <\/h4><\/a><\/li><\/ul><\/div><div class=\"tab-pane fade fusion-clearfix in active\" role=\"tabpanel\" tabindex=\"0\" aria-labelledby=\"fusion-tab-a1\u4eba\u624d\u62db\u8058\" id=\"tab-3090966ddffb3bbaf02\">\n<table class=\"biaoge\" style=\"width: 100%;\">\n<tbody>\n<tr>\n<td style=\"width: 23.5%; text-align: left; border-collapse: separate; border: 1px solid #00b1ef; padding: 2%;\">\n<p style=\"color: #f08519; margin-top: -7%; font-size: 18px;\">Dise\u00f1ador gr\u00e1fico<\/p>\n<p>Residencia, dominio de todos los tipos de Photoshop, y<br \/>\nCorel Draw, Adobe Illustrator<br \/>\nSoftware de dise\u00f1o gr\u00e1fico.<br \/>\nTel: 688597297<\/p>\n<p>Env\u00ede su CV y su trabajo a wxysiva@gmail.com<\/td>\n<td style=\"width: 25.5%; text-align: left; border-collapse: separate; border: 1px solid #00b1ef; padding: 2%;\">\n<p style=\"color: #f08519; margin-top: -7%; font-size: 18px;\">Ingeniero de redes<\/p>\n<p>Personal profesional de mantenimiento y producci\u00f3n de sitios web.<br \/>\nComprender la programaci\u00f3n html+css b\u00e1sica o estar familiarizado con las principales plantillas, conocer Photoshop y otros programas de dise\u00f1o.<br \/>\nTel: 688550826<\/p>\n<p>Env\u00ede su CV y su trabajo a grupoa1alicia@gmail.com<\/td>\n<td style=\"width: 25.5%; text-align: left; border-collapse: separate; border: 1px solid #00b1ef; padding: 2%;\">\n<p style=\"color: #f08519; margin-top: -41%; font-size: 18px;\">Varios instaladores y productores de publicidad<\/p>\n<p>Residencia y permiso de conducir, 20-40 a\u00f1os Var\u00f3n<br \/>\nSe prefiere la soldadura, no se puede aprender.<br \/>\nTel\u00e9fono: 688 557 884<\/td>\n<td style=\"width: 23.5%; text-align: left; border-collapse: separate; border: 1px solid #00b1ef; padding: 2%;\">\n<p style=\"color: #f08519; margin-top: -7%; font-size: 18px;\">Ventas Atenci\u00f3n al cliente<\/p>\n<p>Comunicaci\u00f3n diaria en espa\u00f1ol<br \/>\nMujer, mayor de 23 a\u00f1os, con permiso de residencia<br \/>\nPreferiblemente, experiencia previa en ventas.<br \/>\nTel: 688597297<\/p>\n<p>Env\u00ede su CV y su trabajo a wxysiva@gmail.com<\/td>\n<\/tr>\n<\/tbody>\n<\/table>\n<table class=\"biaoge1\" style=\"width: 100%;\">\n<tbody>\n<tr>\n<td style=\"width: 23.5%; text-align: left; border-collapse: separate; border: 1px solid #00b1ef; padding: 2%;\">\n<p style=\"color: #f08519; margin-top: 7%; font-size: 18px;\">Dise\u00f1ador gr\u00e1fico<\/p>\n<p>Residencia, dominio de todos los tipos de Photoshop, y<br \/>\nCorel Draw, Adobe Illustrator<br \/>\nSoftware de dise\u00f1o gr\u00e1fico.<br \/>\nTel: 688597297<\/p>\n<p>Env\u00ede su CV y su trabajo a wxysiva@gmail.com<\/td>\n<\/tr>\n<\/tbody>\n<\/table>\n<table class=\"biaoge1\" style=\"width: 100%;\">\n<tbody>\n<tr>\n<td style=\"width: 25.5%; text-align: left; border-collapse: separate; border: 1px solid #00b1ef; padding: 2%;\">\n<p style=\"color: #f08519; margin-top: 7%; font-size: 18px;\">Ingeniero de redes<\/p>\n<p>Personal profesional de mantenimiento y producci\u00f3n de sitios web.<br \/>\nComprender la programaci\u00f3n html+css b\u00e1sica o estar familiarizado con las principales plantillas, conocer Photoshop y otros programas de dise\u00f1o.<br \/>\nTel: 688550826<\/p>\n<p>Env\u00ede su CV y su trabajo a grupoa1alicia@gmail.com<\/td>\n<\/tr>\n<\/tbody>\n<\/table>\n<table class=\"biaoge1\" style=\"width: 100%;\">\n<tbody>\n<tr>\n<td style=\"width: 25.5%; text-align: left; border-collapse: separate; border: 1px solid #00b1ef; padding: 2%;\">\n<p style=\"color: #f08519; margin-top: 7%; font-size: 18px;\">Varios instaladores y productores de publicidad<\/p>\n<p>Residencia y permiso de conducir, 20-40 a\u00f1os Var\u00f3n<br \/>\nSe prefiere la soldadura, no se puede aprender.<br \/>\nTel\u00e9fono: 688 557 884<\/td>\n<\/tr>\n<\/tbody>\n<\/table>\n<table class=\"biaoge1\" style=\"width: 100%;\">\n<tbody>\n<tr>\n<td style=\"width: 23.5%; text-align: left; border-collapse: separate; border: 1px solid #00b1ef; padding: 2%;\">\n<p style=\"color: #f08519; margin-top: 7%; font-size: 18px;\">Ventas Atenci\u00f3n al cliente<\/p>\n<p>Comunicaci\u00f3n diaria en espa\u00f1ol<br \/>\nMujer, mayor de 23 a\u00f1os, con permiso de residencia<br \/>\nPreferiblemente, experiencia previa en ventas.<br \/>\nTel: 688597297<\/p>\n<p>Env\u00ede su CV y su trabajo a wxysiva@gmail.com<\/td>\n<\/tr>\n<\/tbody>\n<\/table>\n<\/div><div class=\"nav fusion-mobile-tab-nav\"><ul class=\"nav-tabs nav-justified\" role=\"tablist\"><li role=\"presentation\"><a class=\"tab-link\" data-toggle=\"tab\" role=\"tab\" aria-controls=\"tab-2d41c72d02c80c1f055\" aria-selected=\"false\" tabindex=\"-1\" id=\"mobile-fusion-tab-a1\u4eba\u624d\u6807\u51c6\" href=\"#tab-2d41c72d02c80c1f055\"><h4 class=\"fusion-tab-heading\">A1 Talento Est\u00e1ndar<\/h4><\/a><\/li><\/ul><\/div><div class=\"tab-pane fade fusion-clearfix\" role=\"tabpanel\" tabindex=\"0\" aria-labelledby=\"fusion-tab-a1\u4eba\u624d\u6807\u51c6\" id=\"tab-2d41c72d02c80c1f055\"><strong style=\"font-size: 20px; color: #00b1ef;\">A1<\/strong><strong style=\"font-size: 20px; color: #00b1ef;\">Filosof\u00eda.<\/strong><br \/>\n\u201c<strong style=\"color: #f08519;\">A1&nbsp;<\/strong>Los mejores activos son las personas\".<strong style=\"color: #f08519;\">A1&nbsp;<\/strong>El objetivo final es convertir a cada empleado en un verdadero<strong style=\"color: #f08519;\">A1&nbsp;<\/strong>El amo de la casa.<\/p>\n<p><strong style=\"font-size: 20px; color: #00b1ef;\">A1<\/strong><strong style=\"font-size: 20px; color: #00b1ef;\">Est\u00e1ndares de talento:<\/strong><\/p>\n<table style=\"height: 216px;\" width=\"100%\">\n<tbody>\n<tr>\n<td colspan=\"2\">Esp\u00edritu de equipo para personas con Dios<\/td>\n<\/tr>\n<tr>\n<td>&nbsp;Personas entusiastas en todo momento<\/td>\n<td>&nbsp; &nbsp;Personas que se unen a la empresa<\/td>\n<\/tr>\n<tr>\n<td>&nbsp;Alguien que pueda ser leal<\/td>\n<td>&nbsp; &nbsp;Personas con capacidad para pensar por s\u00ed mismas<\/td>\n<\/tr>\n<tr>\n<td>&nbsp;Alguien que tenga el valor de asumir la responsabilidad de la empresa<\/td>\n<td>&nbsp; &nbsp;Alguien capaz de apoyar adecuadamente a sus jefes.<\/td>\n<\/tr>\n<tr>\n<td>&nbsp;Personas que no se atienen a las normas, pero siempre son innovadoras.<\/td>\n<td>&nbsp; &nbsp;Una persona abierta a aprender y a mejorar constantemente.<\/td>\n<\/tr>\n<\/tbody>\n<\/table>\n<\/div><div class=\"nav fusion-mobile-tab-nav\"><ul class=\"nav-tabs nav-justified\" role=\"tablist\"><li role=\"presentation\"><a class=\"tab-link\" data-toggle=\"tab\" role=\"tab\" aria-controls=\"tab-46c6f68331a44aae691\" aria-selected=\"false\" tabindex=\"-1\" id=\"mobile-fusion-tab-a1\u4eba\u624d\u89c2\" href=\"#tab-46c6f68331a44aae691\"><h4 class=\"fusion-tab-heading\">A1 Talento<\/h4><\/a><\/li><\/ul><\/div><div class=\"tab-pane fade fusion-clearfix\" role=\"tabpanel\" tabindex=\"0\" aria-labelledby=\"fusion-tab-a1\u4eba\u624d\u89c2\" id=\"tab-46c6f68331a44aae691\"><strong style=\"font-size: 20px; color: #00b1ef;\">A1<\/strong><strong style=\"font-size: 20px; color: #00b1ef;\">\u80b2\u4eba\u89c2:<\/strong><\/p>\n<p><strong style=\"color: #f08519;\">A1&nbsp;<\/strong>\u9009\u4eba\u9996\u8981\u7684\u662f\u62e5\u6709\u826f\u597d\u7684\u4eba\u683c\uff0c\u77e5\u8bc6\uff0c\u6280\u672f\u4e4b\u7c7b\u5219\u662f\u5176\u6b21\u3002<strong style=\"color: #f08519;\">A1&nbsp;<\/strong>\u8ba4\u4e3a\uff0c\u4e00\u4e2a\u5177\u6709\u826f\u597d\u4eba\u683c\u7684\u4eba\uff0c\u5728\u5065\u5eb7\u7684\u5de5\u4f5c\u73af\u5883\u4e0b\uff0c\u5c31\u80fd\u81ea\u6211\u6fc0\u52b1\uff0c\u529b\u4e89\u5bfb\u6c42\u6bcf\u4e00\u5929\u7684\u8fdb\u6b65<\/p>\n<p><strong style=\"font-size: 20px; color: #00b1ef;\">A1<\/strong><strong style=\"font-size: 20px; color: #00b1ef;\">\u7528\u4eba\u89c2:<\/strong><\/p>\n<p class=\"4\"><b><span style=\"color: #f08519;\">A1&nbsp;<\/span><\/b>\u8ba4\u4e3a\u516c\u53f8\u5728\u7528\u4eba\u65f6\uff0c\u9996\u5148\u5c31\u5f97\u4fe1\u4efb\u3002\u7528\u4ed6\uff0c\u5c31\u8981\u4fe1\u4efb\u4ed6\uff1b\u4e0d\u4fe1\u4efb\u4ed6\uff0c\u5c31\u4e0d\u8981\u7528\u4ed6\uff0c\u8fd9\u6837\u624d\u80fd\u8ba9\u5458\u5de5\u5168\u529b\u4ee5\u8d74\uff1b\u5176\u6b21\uff0c\u5f3a\u8c03\u56e2\u961f\u534f\u4f5c\uff0c\u5f3a\u8c03\u4e0e\u5458\u5de5\u4e4b\u95f4\u7684\u826f\u597d\u6c9f\u901a\uff0c\u8ba9\u5458\u5de5\u4e3a\u516c\u53f8\u53d1\u5c55\u51fa\u8c0b\u5212\u7b56\u3002<\/p>\n<p><strong style=\"font-size: 20px; color: #00b1ef;\">\u4eba\u624d\u4e13\u4e1a\u89c2:<\/strong><\/p>\n<p>\u771f\u6b63\u7684\u4e13\u4e1a\u8981\u6e90\u4e8e\u751f\u6d3b\u5b9e\u8df5\uff0c\u4e5f\u8981\u8d70\u5411\u5b9e\u8df5\u3002<strong style=\"color: #f08519;\">A1&nbsp;<\/strong>\u7684\u987e\u95ee\u662f\u4e0d\u80fd\u7f3a\u5c11\u5b9e\u8df5\u7ecf\u9a8c\u7684\uff0c\u6211\u4eec\u6700\u597d\u7684\u4e13\u4e1a\u7ed9\u517b\u5176\u5b9e\u6765\u6e90\u4e8e\u6211\u4eec\u7684\u5ba2\u6237\u3002\u987e\u95ee\u8981\u4ece\u5b9e\u8df5\u4e2d\u6765\uff0c\u4e5f\u8981\u5230\u5b9e\u8df5\u4e2d\u53bb\uff0c\u5728\u4e0e\u5ba2\u6237\u7684\u78b0\u649e\u548c\u4ea4\u878d\u4e2d\u68c0\u67e5\u548c\u4fee\u6b63\u6211\u4eec\u5bf9\u5f85\u4e13\u4e1a\u7684\u6807\u51c6\uff0c\u907f\u514d\u6210\u4e3a\u4f2a\u4e13\u5bb6\u3002<\/p>\n<p><strong style=\"font-size: 20px; color: #00b1ef;\">\u4eba\u624d\u793e\u4f1a\u89c2:&nbsp;<\/strong><\/p>\n<p class=\"4\">\u201c<b><span lang=\"EN-US\" style=\"color: #f08519;\">A1&nbsp;<\/span><\/b>\u4e0d\u5149\u4e3a\u81ea\u5df1\u57f9\u517b\u4eba\u624d\uff0c\u8fd8\u5728\u4e3a\u793e\u4f1a\u57f9\u517b\u4eba\u624d\uff0c<b><span lang=\"EN-US\" style=\"color: #f08519;\">A1&nbsp;<\/span><\/b>\u5458\u5de5\u5230\u793e\u4f1a\u4e0a\u540e\uff0c\u4e5f\u662f\u793e\u4f1a\u7684\u8d22\u5bcc\u3002\u201d<\/p>\n<\/div><div class=\"nav fusion-mobile-tab-nav\"><ul class=\"nav-tabs nav-justified\" role=\"tablist\"><li role=\"presentation\"><a class=\"tab-link\" data-toggle=\"tab\" role=\"tab\" aria-controls=\"tab-880aae95bd5b038b88c\" aria-selected=\"false\" tabindex=\"-1\" id=\"mobile-fusion-tab-\u5de5\u4f5c\u5728a1\" href=\"#tab-880aae95bd5b038b88c\"><h4 class=\"fusion-tab-heading\">Trabajar en A1<\/h4><\/a><\/li><\/ul><\/div><div class=\"tab-pane fade fusion-clearfix\" role=\"tabpanel\" tabindex=\"0\" aria-labelledby=\"fusion-tab-\u5de5\u4f5c\u5728a1\" id=\"tab-880aae95bd5b038b88c\"><strong style=\"font-size: 20px; color: #00b1ef;\">\u5de5\u4f5c\u73af\u5883<\/strong><br \/>\n<strong style=\"color: #f08519;\">A1&nbsp;<\/strong>\u4e00\u76f4\u81f4\u529b\u4e3a\u5458\u5de5\u63d0\u4f9b\u4f18\u96c5\u3001\u8212\u9002\u7684\u529e\u516c\u3001\u751f\u6d3b\u73af\u5883\uff0c\u89e3\u51b3\u5458\u5de5\u5de5\u4f5c\u751f\u6d3b\u4e2d\u7684\u540e\u987e\u4e4b\u5fe7\u3002<\/p>\n<p><strong style=\"font-size: 20px; color: #00b1ef;\">\u85aa\u916c\u798f\u5229<\/strong><\/p>\n<p><strong style=\"color: #f08519;\">A1&nbsp;<\/strong>\u6df1\u4fe1\u201c\u5458\u5de5\u5de5\u8d44\u6700\u9ad8\u65f6\uff0c\u4f01\u4e1a\u6210\u672c\u6700\u4f4e\u201d\u7684\u85aa\u916c\u7406\u5ff5\uff0c\u5728\u6b64\u57fa\u7840\u4e0a\uff0c<strong style=\"color: #f08519;\">A1&nbsp;<\/strong>\u8bbe\u7acb\u4e86\u6781\u5177\u7ade\u4e89\u529b\u7684\u85aa\u916c\u798f\u5229\u4f53\u7cfb\u3002<\/p>\n<p><strong style=\"font-size: 20px; color: #00b1ef;\">\u5458\u5de5\u6d3b\u52a8<\/strong><\/p>\n<p><strong style=\"color: #f08519;\">A1&nbsp;<\/strong>\u5bf9\u5458\u5de5\u5de5\u4f5c\u4e4b\u4f59\u7684\u751f\u6d3b\u4e5f\u7ed9\u4e88\u6781\u9ad8\u7684\u91cd\u89c6&nbsp;<strong style=\"color: #f08519;\">A1&nbsp;<\/strong>\u4f1a\u5b9a\u671f\u4e0d\u5b9a\u671f\u7684\u7ec4\u7ec7\u5458\u5de5\u6d3b\u52a8\uff0c\u4e30\u5bcc\u5458\u5de5\u751f\u6d3b\uff0c\u63d0\u9ad8\u5458\u5de5\u751f\u6d3b\u54c1\u8d28\u3002<\/p>\n<p><strong style=\"font-size: 20px; color: #00b1ef;\">\u804c\u4e1a\u57f9\u8bad<\/strong><\/p>\n<p>\u4e3a\u4e86\u628a&nbsp;<strong style=\"color: #f08519;\">A1&nbsp;<\/strong>\u6253\u9020\u6210\u4e00\u4e2a\u5b66\u4e60\u578b\u7ec4\u7ec7\uff0c<strong style=\"color: #f08519;\">A1&nbsp;<\/strong>\u6b63\u5728\u52aa\u529b\u5efa\u7acb\u7b26\u5408<strong style=\"color: #f08519;\">A1&nbsp;<\/strong>\u98ce\u683c\u7684\u57f9\u8bad\u4f53\u7cfb\uff0c\u4e3a\u5458\u5de5\u53ca\u5ba2\u6237\u63d0\u4f9b\u91cf\u8eab\u5b9a\u505a\u7684\u57f9\u8bad\u8bfe\u7a0b\uff0c\u4e3a\u6bcf\u4e2a\u5458\u5de5\u7684\u4e8b\u4e1a\u53d1\u5c55\u63d0\u4f9b\u6709\u529b\u7684\u5e2e\u52a9\u3002<\/p>\n<p><strong style=\"color: #00b1ef; font-size: 20px;\">A1<\/strong><b><span style=\"color: #00b1ef; font-size: 20px;\">\u5de5\u4f5c\u5236\u5ea6\uff1a<\/span><\/b><\/p>\n<p><strong><span style=\"color: #f08519;\">\u65b0\u4eba\u5bfc\u5e08\u5236:<\/span><\/strong><\/p>\n<p>\u6240\u6709\u65b0\u4eba\u5728\u8fdb\u5165\u516c\u53f8\u540e\uff0c\u516c\u53f8\u4f1a\u6307\u5b9a\u4e13\u4e1a\u7684\u987e\u95ee\uff0c\u4f5c\u4e3a\u65b0\u4eba\u7684\u4e13\u4e1a\u6280\u80fd\u548c\u7cbe\u795e\u6001\u5ea6\u7684\u5bfc\u5e08\uff0c\u5b9a\u671f\u8f85\u5bfc\u5e76\u53cd\u9988\u60c5\u51b5\u3002<\/p>\n<p><strong><span style=\"color: #f08519;\">\u804c\u4e1a\u89c4\u5212\u5236:<\/span><\/strong><\/p>\n<p><b><span lang=\"EN-US\" style=\"color: #f08519;\">A1&nbsp;<\/span><\/b>\u8ba4\u4e3a\uff1a\u201c\u9009\u62e9\u4e00\u4efd\u804c\u4e1a\uff0c\u6bd4\u627e\u4e00\u4efd\u5de5\u4f5c\u201d\u66f4\u91cd\u8981\uff0c\u65b0\u5458\u5de5\u8fdb\u5165\u516c\u53f8\u540e\uff0c<b><span lang=\"EN-US\" style=\"color: #f08519;\">A1&nbsp;<\/span><\/b>\u5c31\u4f1a\u4e3a\u5458\u5de5\u63d0\u4f9b\u591a\u901a\u9053\u5f0f\u7684\u804c\u4e1a\u53d1\u5c55\u8def\u5f84\uff0c\u5e76\u5b9a\u671f\u4e0e\u5458\u5de5\u6c9f\u901a\uff0c\u4e0d\u65ad\u660e\u6670\u6216\u8c03\u6574\u5458\u5de5\u7684\u804c\u4e1a\u751f\u6daf\u89c4\u5212\u3002<\/p>\n<p><strong><span style=\"color: #f08519;\">\u4eba\u624d\u6d41\u52a8\u5236:<\/span><\/strong><\/p>\n<p><b><span lang=\"EN-US\" style=\"color: #f08519;\">A1&nbsp;<\/span><\/b>\u4e3b\u5f20\u4eba\u624d\u6d41\u52a8\u5316\u53d1\u5c55\uff0c\u7ed9\u4e88\u6bcf\u4e2a\u4eba\u5145\u5206\u7684\u53d1\u6325\u7a7a\u95f4\uff1b\u63d0\u5021\u6c38\u7eed\u5b66\u4e60\uff0c\u5f3a\u8c03\u77e5\u8bc6\u7684\u4ef7\u503c\u4e0e\u5b66\u4e60\u7684\u4ef7\u503c\uff0c\u4ece\u800c\u63d0\u9ad8\u4eba\u5458\u7d20\u8d28\uff0c\u5b9e\u73b0\u516c\u53f8\u521b\u65b0\u53d1\u5c55\u3002<\/div><\/div><\/div><\/div><\/div><\/div><\/div><\/p>","protected":false},"excerpt":{"rendered":"","protected":false},"author":1,"featured_media":0,"parent":0,"menu_order":0,"comment_status":"closed","ping_status":"closed","template":"100-width.php","meta":{"footnotes":""},"class_list":["post-106","page","type-page","status-publish","hentry"],"_links":{"self":[{"href":"https:\/\/grupoa1.es\/es\/wp-json\/wp\/v2\/pages\/106","targetHints":{"allow":["GET"]}}],"collection":[{"href":"https:\/\/grupoa1.es\/es\/wp-json\/wp\/v2\/pages"}],"about":[{"href":"https:\/\/grupoa1.es\/es\/wp-json\/wp\/v2\/types\/page"}],"author":[{"embeddable":true,"href":"https:\/\/grupoa1.es\/es\/wp-json\/wp\/v2\/users\/1"}],"replies":[{"embeddable":true,"href":"https:\/\/grupoa1.es\/es\/wp-json\/wp\/v2\/comments?post=106"}],"version-history":[{"count":3,"href":"https:\/\/grupoa1.es\/es\/wp-json\/wp\/v2\/pages\/106\/revisions"}],"predecessor-version":[{"id":615,"href":"https:\/\/grupoa1.es\/es\/wp-json\/wp\/v2\/pages\/106\/revisions\/615"}],"wp:attachment":[{"href":"https:\/\/grupoa1.es\/es\/wp-json\/wp\/v2\/media?parent=106"}],"curies":[{"name":"wp","href":"https:\/\/api.w.org\/{rel}","templated":true}]}}