{"id":77,"date":"2024-11-14T14:47:27","date_gmt":"2024-11-14T14:47:27","guid":{"rendered":"https:\/\/grupoa1.es\/?page_id=77"},"modified":"2025-02-07T17:33:24","modified_gmt":"2025-02-07T17:33:24","slug":"design-and-printing-case","status":"publish","type":"page","link":"https:\/\/grupoa1.es\/es\/design-and-printing-case\/","title":{"rendered":"Dise\u00f1o e impresi\u00f3n\u00a0"},"content":{"rendered":"<p><div class=\"fusion-fullwidth fullwidth-box fusion-builder-row-1 fusion-flex-container has-pattern-background has-mask-background nonhundred-percent-fullwidth non-hundred-percent-height-scrolling\" style=\"--awb-border-radius-top-left:0px;--awb-border-radius-top-right:0px;--awb-border-radius-bottom-right:0px;--awb-border-radius-bottom-left:0px;--awb-margin-top:30px;--awb-flex-wrap:wrap;\" ><div class=\"fusion-builder-row fusion-row fusion-flex-align-items-flex-start fusion-flex-content-wrap\" style=\"max-width:1456px;margin-left: calc(-4% \/ 2 );margin-right: calc(-4% \/ 2 );\"><div class=\"fusion-layout-column fusion_builder_column fusion-builder-column-0 fusion_builder_column_1_2 1_2 fusion-flex-column\" style=\"--awb-bg-size:cover;--awb-width-large:50%;--awb-margin-top-large:0px;--awb-spacing-right-large:3.84%;--awb-margin-bottom-large:20px;--awb-spacing-left-large:3.84%;--awb-width-medium:50%;--awb-order-medium:0;--awb-spacing-right-medium:3.84%;--awb-spacing-left-medium:3.84%;--awb-width-small:100%;--awb-order-small:0;--awb-spacing-right-small:1.92%;--awb-spacing-left-small:1.92%;\"><div class=\"fusion-column-wrapper fusion-column-has-shadow fusion-flex-justify-content-flex-start fusion-content-layout-column\"><div class=\"fusion-slider-sc\"><div class=\"fusion-flexslider-loading flexslider flexslider-hover-type-none\" data-slideshow_autoplay=\"1\" data-slideshow_smooth_height=\"1\" data-slideshow_speed=\"7000\" style=\"max-width:100%;height:100%;\"><ul class=\"slides\"><li class=\"image\"><span class=\"fusion-image-hover-element hover-type-none\"><img decoding=\"async\" src=\"https:\/\/grupoa1.es\/wp-content\/uploads\/2025\/01\/\u6211\u4eec\u7684\u670d\u52a1\uff0c\u5370\u5237\u6eda\u52a8\u56fe1.jpg\" width=\"680\" height=\"580\" class=\"wp-image-710\" srcset=\"https:\/\/grupoa1.es\/wp-content\/uploads\/2025\/01\/\u6211\u4eec\u7684\u670d\u52a1\uff0c\u5370\u5237\u6eda\u52a8\u56fe1-200x171.jpg 200w, https:\/\/grupoa1.es\/wp-content\/uploads\/2025\/01\/\u6211\u4eec\u7684\u670d\u52a1\uff0c\u5370\u5237\u6eda\u52a8\u56fe1-400x341.jpg 400w, https:\/\/grupoa1.es\/wp-content\/uploads\/2025\/01\/\u6211\u4eec\u7684\u670d\u52a1\uff0c\u5370\u5237\u6eda\u52a8\u56fe1-600x512.jpg 600w, https:\/\/grupoa1.es\/wp-content\/uploads\/2025\/01\/\u6211\u4eec\u7684\u670d\u52a1\uff0c\u5370\u5237\u6eda\u52a8\u56fe1.jpg 680w\" sizes=\"(max-width: 640px) 100vw, 680px\" \/><\/span><\/li><li class=\"image\"><span class=\"fusion-image-hover-element hover-type-none\"><img decoding=\"async\" src=\"https:\/\/grupoa1.es\/wp-content\/uploads\/2025\/01\/\u6211\u4eec\u7684\u670d\u52a1\uff0c\u5370\u5237\u6eda\u52a8\u56fe2.jpg\" width=\"680\" height=\"580\" class=\"wp-image-711\" srcset=\"https:\/\/grupoa1.es\/wp-content\/uploads\/2025\/01\/\u6211\u4eec\u7684\u670d\u52a1\uff0c\u5370\u5237\u6eda\u52a8\u56fe2-200x171.jpg 200w, https:\/\/grupoa1.es\/wp-content\/uploads\/2025\/01\/\u6211\u4eec\u7684\u670d\u52a1\uff0c\u5370\u5237\u6eda\u52a8\u56fe2-400x341.jpg 400w, https:\/\/grupoa1.es\/wp-content\/uploads\/2025\/01\/\u6211\u4eec\u7684\u670d\u52a1\uff0c\u5370\u5237\u6eda\u52a8\u56fe2-600x512.jpg 600w, https:\/\/grupoa1.es\/wp-content\/uploads\/2025\/01\/\u6211\u4eec\u7684\u670d\u52a1\uff0c\u5370\u5237\u6eda\u52a8\u56fe2.jpg 680w\" sizes=\"(max-width: 640px) 100vw, 680px\" \/><\/span><\/li><li class=\"image\"><span class=\"fusion-image-hover-element hover-type-none\"><img decoding=\"async\" src=\"https:\/\/grupoa1.es\/wp-content\/uploads\/2025\/01\/\u6211\u4eec\u7684\u670d\u52a1\uff0c\u5370\u5237\u6eda\u52a8\u56fe3.jpg\" width=\"680\" height=\"580\" class=\"wp-image-712\" srcset=\"https:\/\/grupoa1.es\/wp-content\/uploads\/2025\/01\/\u6211\u4eec\u7684\u670d\u52a1\uff0c\u5370\u5237\u6eda\u52a8\u56fe3-200x171.jpg 200w, https:\/\/grupoa1.es\/wp-content\/uploads\/2025\/01\/\u6211\u4eec\u7684\u670d\u52a1\uff0c\u5370\u5237\u6eda\u52a8\u56fe3-400x341.jpg 400w, https:\/\/grupoa1.es\/wp-content\/uploads\/2025\/01\/\u6211\u4eec\u7684\u670d\u52a1\uff0c\u5370\u5237\u6eda\u52a8\u56fe3-600x512.jpg 600w, https:\/\/grupoa1.es\/wp-content\/uploads\/2025\/01\/\u6211\u4eec\u7684\u670d\u52a1\uff0c\u5370\u5237\u6eda\u52a8\u56fe3.jpg 680w\" sizes=\"(max-width: 640px) 100vw, 680px\" \/><\/span><\/li><\/ul><\/div><\/div><\/div><\/div><div class=\"fusion-layout-column fusion_builder_column fusion-builder-column-1 fusion_builder_column_1_2 1_2 fusion-flex-column\" style=\"--awb-bg-size:cover;--awb-width-large:50%;--awb-margin-top-large:0px;--awb-spacing-right-large:3.84%;--awb-margin-bottom-large:20px;--awb-spacing-left-large:3.84%;--awb-width-medium:50%;--awb-order-medium:0;--awb-spacing-right-medium:3.84%;--awb-spacing-left-medium:3.84%;--awb-width-small:100%;--awb-order-small:0;--awb-spacing-right-small:1.92%;--awb-spacing-left-small:1.92%;\"><div class=\"fusion-column-wrapper fusion-column-has-shadow fusion-flex-justify-content-flex-start fusion-content-layout-column\"><div class=\"fusion-text fusion-text-1\"><h2 style=\"font-size: 18px;\">Experiencia:<\/h2>\n<p><strong>La impresi\u00f3n<\/strong>es una tecnolog\u00eda que permite reproducir en grandes cantidades el contenido de un manuscrito original, transfiriendo tinta a superficies como papel, tela, cuero y otros materiales. Este proceso se realiza mediante la confecci\u00f3n de planchas, el entintado y la presurizaci\u00f3n.<\/p>\n<p>Existen diversas t\u00e9cnicas de impresi\u00f3n, como la impresi\u00f3n offset tradicional, la serigraf\u00eda y la impresi\u00f3n digital, as\u00ed como m\u00e9todos especializados como la impresi\u00f3n perforada, la litograf\u00eda y la calcograf\u00eda, que son consideradas algunas de las principales t\u00e9cnicas modernas.<\/p>\n<p>En el proceso de impresi\u00f3n intervienen varias etapas: pruebas, confecci\u00f3n de planchas, impresi\u00f3n, encuadernaci\u00f3n, embalaje y transporte. Es fundamental que una imprenta cuente con equipos especializados, siendo la m\u00e1quina de impresi\u00f3n la pieza m\u00e1s importante.<\/p>\n<p>Las m\u00e1quinas de impresi\u00f3n var\u00edan seg\u00fan el tipo de trabajo: pueden ser de uno, dos, cuatro o hasta ocho colores y se clasifican seg\u00fan su tama\u00f1o, como formatos de 8 aberturas, 4 aberturas, media apertura o apertura completa. Para impresiones simples, se puede utilizar la serigraf\u00eda, que requiere solo una pantalla, aunque el resultado no alcanza la calidad de las grandes m\u00e1quinas de impresi\u00f3n.<\/p>\n<p>S\u00f3lo se necesita una pantalla para completar la impresi\u00f3n, pero el resultado no es tan bueno como el de las grandes m\u00e1quinas de impresi\u00f3n.<\/p>\n<\/div><\/div><\/div><\/div><\/div><div class=\"fusion-fullwidth fullwidth-box fusion-builder-row-2 fusion-flex-container has-pattern-background has-mask-background nonhundred-percent-fullwidth non-hundred-percent-height-scrolling\" style=\"--awb-border-radius-top-left:0px;--awb-border-radius-top-right:0px;--awb-border-radius-bottom-right:0px;--awb-border-radius-bottom-left:0px;--awb-flex-wrap:wrap;\" ><div class=\"fusion-builder-row fusion-row fusion-flex-align-items-flex-start fusion-flex-content-wrap\" style=\"max-width:1456px;margin-left: calc(-4% \/ 2 );margin-right: calc(-4% \/ 2 );\"><div class=\"fusion-layout-column fusion_builder_column fusion-builder-column-2 fusion_builder_column_1_1 1_1 fusion-flex-column\" style=\"--awb-bg-size:cover;--awb-width-large:100%;--awb-margin-top-large:0px;--awb-spacing-right-large:1.92%;--awb-margin-bottom-large:20px;--awb-spacing-left-large:1.92%;--awb-width-medium:100%;--awb-order-medium:0;--awb-spacing-right-medium:1.92%;--awb-spacing-left-medium:1.92%;--awb-width-small:100%;--awb-order-small:0;--awb-spacing-right-small:1.92%;--awb-spacing-left-small:1.92%;\"><div class=\"fusion-column-wrapper fusion-column-has-shadow fusion-flex-justify-content-flex-start fusion-content-layout-column\"><div class=\"fusion-text fusion-text-2\"><h2>Conceptos de impresi\u00f3n:<\/h2>\n<p>En t\u00e9rminos literales, una marca se denomina sello y un borr\u00f3n puede considerarse un trazo de pincel.<br \/>\nEl acto de aplicar un sello o pincel sobre otro objeto para transferir una marca se conoce como impresi\u00f3n.<br \/>\nPrimero se graba el sello (placa), despu\u00e9s se ti\u00f1e el sello (placa) con aceite de impresi\u00f3n y, a continuaci\u00f3n, el sello (placa) sobre el aceite de impresi\u00f3n se transfiere al papel, la seda, el cuero y otros materiales portadores de impresi\u00f3n, es decir, en un producto impreso.<\/p>\n<h2>Informaci\u00f3n para pedidos<\/h2>\n<p>En primer lugar, el siguiente ejemplo es muy importante, no pertenece a la calidad del problema, no para el retorno, por favor tenga en cuenta.<br \/>\n1, despu\u00e9s de recibir la impresi\u00f3n terminada a \"no es lo mismo que imaginaba\", \"el color creo que es demasiado oscuro o demasiado claro\", \"vi en la computadora no es de esta manera\", \"la impresora anterior imprimi\u00f3 qu\u00e9 color\", \"el papel no es el mismo que mi anterior\" y as\u00ed sucesivamente estos a la imaginaci\u00f3n personal y la conciencia subjetiva no puede pedir un descuento de reembolso.\"\u00bfDe qu\u00e9 color se imprimi\u00f3 por la impresora anterior\", \"El papel no es el mismo que mi anterior\", etc Estas imaginaci\u00f3n personal y la conciencia subjetiva no puede pedir un reembolso del descuento, debido a la diferencia en la impresi\u00f3n de varias f\u00e1bricas, la misma f\u00e1brica lote de impresi\u00f3n es diferente, y mostrar las diferencias, estamosNo puede basarse en esto, pero s\u00f3lo de acuerdo con el proceso normal de impresi\u00f3n.<br \/>\n2, no puede ser el color de la pantalla de visualizaci\u00f3n de la computadora como los criterios de inspecci\u00f3n, pantallas de ordenador y papel pertenecen al principio opuesto de la representaci\u00f3n del color, y diferentes pantallas mostrar\u00e1n una gran diferencia en el color, e incluso el mismo archivo en diferentes software para abrir (como ps y belleza espect\u00e1culo) no son del mismo color, y por lo tanto a la visualizaci\u00f3n de la muestra de color a los requisitos de la impresi\u00f3n de color no est\u00e1 en l\u00ednea con la realidad.Por supuesto, el monitor muestra el color est\u00e1ndar cmyk se puede utilizar como referencia, el color de la impresi\u00f3n puede ser seguido a la visualizaci\u00f3n del color de m\u00e1s del 85%.<br \/>\n3\u3001No aceptaremos ninguna solicitud de modificaci\u00f3n de documentos despu\u00e9s de 15 minutos de la finalizaci\u00f3n.Por favor, compruebe cuidadosamente el contenido de la impresi\u00f3n antes de imprimir, una vez enviado a imprimir el contenido del error no asume ninguna responsabilidad y la p\u00e9rdida.Nuestros dise\u00f1adores y su proyecto final de confirmaci\u00f3n, vamos a organizar de inmediato la placa, esta vez por lo general se completar\u00e1 en 15 minutos, y una vez que la placa, no ser\u00e1 capaz de modificar el documento.As\u00ed que hay que tener cuidado con el proyecto final.Tenga en cuenta que s\u00f3lo somos responsables de la impresi\u00f3n, no corregimos ni corregimos los errores de su dise\u00f1o.<br \/>\n4, El corte y plegado del material impreso tendr\u00e1 un error de 1-2 mm.Esto pertenece al rango de error normal de la impresi\u00f3n, no es un problema de calidad.<br \/>\n5, 170G o m\u00e1s p\u00e1ginas plegables de color tendr\u00e1 un poco de borde estall\u00f3, especialmente el manuscrito de dise\u00f1o de bloques de color grande oscuro ser\u00e1 m\u00e1s evidente, este es un fen\u00f3meno normal, no hacer devoluciones y el intercambio y el procesamiento de descuento, si te importa, por favor aseg\u00farese de elegir las p\u00e1ginas plegables laminados, el efecto es mejor.<\/p>\n<\/div><\/div><\/div><\/div><\/div><div class=\"fusion-fullwidth fullwidth-box fusion-builder-row-3 fusion-flex-container has-pattern-background has-mask-background nonhundred-percent-fullwidth non-hundred-percent-height-scrolling\" style=\"--awb-border-radius-top-left:0px;--awb-border-radius-top-right:0px;--awb-border-radius-bottom-right:0px;--awb-border-radius-bottom-left:0px;--awb-padding-right:0px;--awb-padding-left:0px;--awb-padding-right-small:20px;--awb-padding-left-small:20px;--awb-background-color:#5f5f5f;--awb-flex-wrap:wrap;\" ><div class=\"fusion-builder-row fusion-row fusion-flex-align-items-flex-start fusion-flex-content-wrap\" style=\"max-width:1456px;margin-left: calc(-4% \/ 2 );margin-right: calc(-4% \/ 2 );\"><div class=\"fusion-layout-column fusion_builder_column fusion-builder-column-3 fusion_builder_column_1_1 1_1 fusion-flex-column\" style=\"--awb-bg-size:cover;--awb-width-large:100%;--awb-margin-top-large:0px;--awb-spacing-right-large:1.92%;--awb-margin-bottom-large:0px;--awb-spacing-left-large:1.92%;--awb-width-medium:100%;--awb-order-medium:0;--awb-spacing-right-medium:1.92%;--awb-spacing-left-medium:1.92%;--awb-width-small:100%;--awb-order-small:0;--awb-spacing-right-small:1.92%;--awb-spacing-left-small:1.92%;\"><div class=\"fusion-column-wrapper fusion-column-has-shadow fusion-flex-justify-content-flex-start fusion-content-layout-column\"><div class=\"fusion-image-element\" style=\"--awb-caption-title-font-family:var(--h2_typography-font-family);--awb-caption-title-font-weight:var(--h2_typography-font-weight);--awb-caption-title-font-style:var(--h2_typography-font-style);--awb-caption-title-size:var(--h2_typography-font-size);--awb-caption-title-transform:var(--h2_typography-text-transform);--awb-caption-title-line-height:var(--h2_typography-line-height);--awb-caption-title-letter-spacing:var(--h2_typography-letter-spacing);\"><span class=\"fusion-imageframe imageframe-none imageframe-1 hover-type-none\"><img decoding=\"async\" width=\"1100\" height=\"43\" title=\"footer1-1\" src=\"https:\/\/grupoa1.es\/wp-content\/uploads\/2025\/01\/\u9996\u9875\u5e95\u90e8\uff0c\u6211\u4eec\u7684\u670d\u52a1\u4e0b\u9762.jpg\" alt class=\"img-responsive wp-image-383\" srcset=\"https:\/\/grupoa1.es\/wp-content\/uploads\/2025\/01\/\u9996\u9875\u5e95\u90e8\uff0c\u6211\u4eec\u7684\u670d\u52a1\u4e0b\u9762-18x1.jpg 18w, https:\/\/grupoa1.es\/wp-content\/uploads\/2025\/01\/\u9996\u9875\u5e95\u90e8\uff0c\u6211\u4eec\u7684\u670d\u52a1\u4e0b\u9762-200x8.jpg 200w, https:\/\/grupoa1.es\/wp-content\/uploads\/2025\/01\/\u9996\u9875\u5e95\u90e8\uff0c\u6211\u4eec\u7684\u670d\u52a1\u4e0b\u9762-300x12.jpg 300w, https:\/\/grupoa1.es\/wp-content\/uploads\/2025\/01\/\u9996\u9875\u5e95\u90e8\uff0c\u6211\u4eec\u7684\u670d\u52a1\u4e0b\u9762-400x16.jpg 400w, https:\/\/grupoa1.es\/wp-content\/uploads\/2025\/01\/\u9996\u9875\u5e95\u90e8\uff0c\u6211\u4eec\u7684\u670d\u52a1\u4e0b\u9762-600x23.jpg 600w, https:\/\/grupoa1.es\/wp-content\/uploads\/2025\/01\/\u9996\u9875\u5e95\u90e8\uff0c\u6211\u4eec\u7684\u670d\u52a1\u4e0b\u9762-768x30.jpg 768w, https:\/\/grupoa1.es\/wp-content\/uploads\/2025\/01\/\u9996\u9875\u5e95\u90e8\uff0c\u6211\u4eec\u7684\u670d\u52a1\u4e0b\u9762-800x31.jpg 800w, https:\/\/grupoa1.es\/wp-content\/uploads\/2025\/01\/\u9996\u9875\u5e95\u90e8\uff0c\u6211\u4eec\u7684\u670d\u52a1\u4e0b\u9762-1024x40.jpg 1024w, https:\/\/grupoa1.es\/wp-content\/uploads\/2025\/01\/\u9996\u9875\u5e95\u90e8\uff0c\u6211\u4eec\u7684\u670d\u52a1\u4e0b\u9762.jpg 1100w\" sizes=\"(max-width: 640px) 100vw, 1100px\" \/><\/span><\/div><\/div><\/div><\/div><\/div>\n<\/p>","protected":false},"excerpt":{"rendered":"","protected":false},"author":1,"featured_media":0,"parent":0,"menu_order":0,"comment_status":"closed","ping_status":"closed","template":"100-width.php","meta":{"footnotes":""},"class_list":["post-77","page","type-page","status-publish","hentry"],"_links":{"self":[{"href":"https:\/\/grupoa1.es\/es\/wp-json\/wp\/v2\/pages\/77","targetHints":{"allow":["GET"]}}],"collection":[{"href":"https:\/\/grupoa1.es\/es\/wp-json\/wp\/v2\/pages"}],"about":[{"href":"https:\/\/grupoa1.es\/es\/wp-json\/wp\/v2\/types\/page"}],"author":[{"embeddable":true,"href":"https:\/\/grupoa1.es\/es\/wp-json\/wp\/v2\/users\/1"}],"replies":[{"embeddable":true,"href":"https:\/\/grupoa1.es\/es\/wp-json\/wp\/v2\/comments?post=77"}],"version-history":[{"count":7,"href":"https:\/\/grupoa1.es\/es\/wp-json\/wp\/v2\/pages\/77\/revisions"}],"predecessor-version":[{"id":417,"href":"https:\/\/grupoa1.es\/es\/wp-json\/wp\/v2\/pages\/77\/revisions\/417"}],"wp:attachment":[{"href":"https:\/\/grupoa1.es\/es\/wp-json\/wp\/v2\/media?parent=77"}],"curies":[{"name":"wp","href":"https:\/\/api.w.org\/{rel}","templated":true}]}}