{"id":82,"date":"2024-11-14T14:52:29","date_gmt":"2024-11-14T14:52:29","guid":{"rendered":"https:\/\/grupoa1.es\/?page_id=82"},"modified":"2025-02-07T14:38:30","modified_gmt":"2025-02-07T14:38:30","slug":"advertising-card-case","status":"publish","type":"page","link":"https:\/\/grupoa1.es\/es\/advertising-card-case\/","title":{"rendered":"Carteles"},"content":{"rendered":"<p><div class=\"fusion-fullwidth fullwidth-box fusion-builder-row-1 fusion-flex-container has-pattern-background has-mask-background nonhundred-percent-fullwidth non-hundred-percent-height-scrolling\" style=\"--awb-border-radius-top-left:0px;--awb-border-radius-top-right:0px;--awb-border-radius-bottom-right:0px;--awb-border-radius-bottom-left:0px;--awb-margin-top:50px;--awb-flex-wrap:wrap;\" ><div class=\"fusion-builder-row fusion-row fusion-flex-align-items-flex-start fusion-flex-content-wrap\" style=\"max-width:1456px;margin-left: calc(-4% \/ 2 );margin-right: calc(-4% \/ 2 );\"><div class=\"fusion-layout-column fusion_builder_column fusion-builder-column-0 fusion_builder_column_1_2 1_2 fusion-flex-column\" style=\"--awb-bg-size:cover;--awb-width-large:50%;--awb-margin-top-large:0px;--awb-spacing-right-large:3.84%;--awb-margin-bottom-large:20px;--awb-spacing-left-large:3.84%;--awb-width-medium:50%;--awb-order-medium:0;--awb-spacing-right-medium:3.84%;--awb-spacing-left-medium:3.84%;--awb-width-small:100%;--awb-order-small:0;--awb-spacing-right-small:1.92%;--awb-spacing-left-small:1.92%;\"><div class=\"fusion-column-wrapper fusion-column-has-shadow fusion-flex-justify-content-flex-start fusion-content-layout-column\"><div class=\"fusion-slider-sc\"><div class=\"fusion-flexslider-loading flexslider flexslider-hover-type-none\" data-slideshow_autoplay=\"1\" data-slideshow_smooth_height=\"0\" data-slideshow_speed=\"7000\" style=\"max-width:100%;height:100%;\"><ul class=\"slides\"><li class=\"image\"><span class=\"fusion-image-hover-element hover-type-none\"><img decoding=\"async\" src=\"https:\/\/grupoa1.es\/wp-content\/uploads\/2025\/02\/Nuestros-trabajos-cartelea.jpg\" width=\"585\" height=\"365\" class=\"wp-image-428\" srcset=\"https:\/\/grupoa1.es\/wp-content\/uploads\/2025\/02\/Nuestros-trabajos-cartelea-12x12.jpg 12w, https:\/\/grupoa1.es\/wp-content\/uploads\/2025\/02\/Nuestros-trabajos-cartelea-66x66.jpg 66w, https:\/\/grupoa1.es\/wp-content\/uploads\/2025\/02\/Nuestros-trabajos-cartelea-150x150.jpg 150w, https:\/\/grupoa1.es\/wp-content\/uploads\/2025\/02\/Nuestros-trabajos-cartelea-200x200.jpg 200w, https:\/\/grupoa1.es\/wp-content\/uploads\/2025\/02\/Nuestros-trabajos-cartelea-300x300.jpg 300w, https:\/\/grupoa1.es\/wp-content\/uploads\/2025\/02\/Nuestros-trabajos-cartelea-400x400.jpg 400w, https:\/\/grupoa1.es\/wp-content\/uploads\/2025\/02\/Nuestros-trabajos-cartelea-600x600.jpg 600w, https:\/\/grupoa1.es\/wp-content\/uploads\/2025\/02\/Nuestros-trabajos-cartelea-768x768.jpg 768w, https:\/\/grupoa1.es\/wp-content\/uploads\/2025\/02\/Nuestros-trabajos-cartelea-800x800.jpg 800w, https:\/\/grupoa1.es\/wp-content\/uploads\/2025\/02\/Nuestros-trabajos-cartelea.jpg 1024w\" sizes=\"(max-width: 640px) 100vw, 585px\" \/><\/span><\/li><li class=\"image\"><span class=\"fusion-image-hover-element hover-type-none\"><img decoding=\"async\" src=\"https:\/\/grupoa1.es\/wp-content\/uploads\/2025\/02\/Nuestros-trabajos-cartelea2.jpg\" width=\"585\" height=\"365\" class=\"wp-image-427\" srcset=\"https:\/\/grupoa1.es\/wp-content\/uploads\/2025\/02\/Nuestros-trabajos-cartelea2-12x12.jpg 12w, https:\/\/grupoa1.es\/wp-content\/uploads\/2025\/02\/Nuestros-trabajos-cartelea2-66x66.jpg 66w, https:\/\/grupoa1.es\/wp-content\/uploads\/2025\/02\/Nuestros-trabajos-cartelea2-150x150.jpg 150w, https:\/\/grupoa1.es\/wp-content\/uploads\/2025\/02\/Nuestros-trabajos-cartelea2-200x200.jpg 200w, https:\/\/grupoa1.es\/wp-content\/uploads\/2025\/02\/Nuestros-trabajos-cartelea2-300x300.jpg 300w, https:\/\/grupoa1.es\/wp-content\/uploads\/2025\/02\/Nuestros-trabajos-cartelea2-400x400.jpg 400w, https:\/\/grupoa1.es\/wp-content\/uploads\/2025\/02\/Nuestros-trabajos-cartelea2-600x600.jpg 600w, https:\/\/grupoa1.es\/wp-content\/uploads\/2025\/02\/Nuestros-trabajos-cartelea2-768x768.jpg 768w, https:\/\/grupoa1.es\/wp-content\/uploads\/2025\/02\/Nuestros-trabajos-cartelea2-800x800.jpg 800w, https:\/\/grupoa1.es\/wp-content\/uploads\/2025\/02\/Nuestros-trabajos-cartelea2.jpg 1024w\" sizes=\"(max-width: 640px) 100vw, 585px\" \/><\/span><\/li><li class=\"image\"><span class=\"fusion-image-hover-element hover-type-none\"><img decoding=\"async\" src=\"https:\/\/grupoa1.es\/wp-content\/uploads\/2025\/02\/Nuestros-trabajos-cartelea3.jpg\" width=\"585\" height=\"365\" class=\"wp-image-426\" srcset=\"https:\/\/grupoa1.es\/wp-content\/uploads\/2025\/02\/Nuestros-trabajos-cartelea3-12x12.jpg 12w, https:\/\/grupoa1.es\/wp-content\/uploads\/2025\/02\/Nuestros-trabajos-cartelea3-66x66.jpg 66w, https:\/\/grupoa1.es\/wp-content\/uploads\/2025\/02\/Nuestros-trabajos-cartelea3-150x150.jpg 150w, https:\/\/grupoa1.es\/wp-content\/uploads\/2025\/02\/Nuestros-trabajos-cartelea3-200x200.jpg 200w, https:\/\/grupoa1.es\/wp-content\/uploads\/2025\/02\/Nuestros-trabajos-cartelea3-300x300.jpg 300w, https:\/\/grupoa1.es\/wp-content\/uploads\/2025\/02\/Nuestros-trabajos-cartelea3-400x400.jpg 400w, https:\/\/grupoa1.es\/wp-content\/uploads\/2025\/02\/Nuestros-trabajos-cartelea3-600x600.jpg 600w, https:\/\/grupoa1.es\/wp-content\/uploads\/2025\/02\/Nuestros-trabajos-cartelea3-768x768.jpg 768w, https:\/\/grupoa1.es\/wp-content\/uploads\/2025\/02\/Nuestros-trabajos-cartelea3-800x800.jpg 800w, https:\/\/grupoa1.es\/wp-content\/uploads\/2025\/02\/Nuestros-trabajos-cartelea3.jpg 1024w\" sizes=\"(max-width: 640px) 100vw, 585px\" \/><\/span><\/li><li class=\"image\"><span class=\"fusion-image-hover-element hover-type-none\"><img decoding=\"async\" src=\"https:\/\/grupoa1.es\/wp-content\/uploads\/2025\/02\/Nuestros-trabajos-cartelea4.jpg\" width=\"585\" height=\"365\" class=\"wp-image-425\" srcset=\"https:\/\/grupoa1.es\/wp-content\/uploads\/2025\/02\/Nuestros-trabajos-cartelea4-12x12.jpg 12w, https:\/\/grupoa1.es\/wp-content\/uploads\/2025\/02\/Nuestros-trabajos-cartelea4-66x66.jpg 66w, https:\/\/grupoa1.es\/wp-content\/uploads\/2025\/02\/Nuestros-trabajos-cartelea4-150x150.jpg 150w, https:\/\/grupoa1.es\/wp-content\/uploads\/2025\/02\/Nuestros-trabajos-cartelea4-200x200.jpg 200w, https:\/\/grupoa1.es\/wp-content\/uploads\/2025\/02\/Nuestros-trabajos-cartelea4-300x300.jpg 300w, https:\/\/grupoa1.es\/wp-content\/uploads\/2025\/02\/Nuestros-trabajos-cartelea4-400x400.jpg 400w, https:\/\/grupoa1.es\/wp-content\/uploads\/2025\/02\/Nuestros-trabajos-cartelea4-600x600.jpg 600w, https:\/\/grupoa1.es\/wp-content\/uploads\/2025\/02\/Nuestros-trabajos-cartelea4-768x768.jpg 768w, https:\/\/grupoa1.es\/wp-content\/uploads\/2025\/02\/Nuestros-trabajos-cartelea4-800x800.jpg 800w, https:\/\/grupoa1.es\/wp-content\/uploads\/2025\/02\/Nuestros-trabajos-cartelea4.jpg 1024w\" sizes=\"(max-width: 640px) 100vw, 585px\" \/><\/span><\/li><\/ul><\/div><\/div><\/div><\/div><div class=\"fusion-layout-column fusion_builder_column fusion-builder-column-1 fusion_builder_column_1_2 1_2 fusion-flex-column\" style=\"--awb-bg-size:cover;--awb-width-large:50%;--awb-margin-top-large:0px;--awb-spacing-right-large:3.84%;--awb-margin-bottom-large:20px;--awb-spacing-left-large:3.84%;--awb-width-medium:50%;--awb-order-medium:0;--awb-spacing-right-medium:3.84%;--awb-spacing-left-medium:3.84%;--awb-width-small:100%;--awb-order-small:0;--awb-spacing-right-small:1.92%;--awb-spacing-left-small:1.92%;\"><div class=\"fusion-column-wrapper fusion-column-has-shadow fusion-flex-justify-content-flex-start fusion-content-layout-column\"><div class=\"fusion-text fusion-text-1\"><h2>conocimientos especializados<\/h2>\n<p>Los r\u00f3tulos publicitarios y las vallas publicitarias se denominan r\u00f3tulos publicitarios, que en general se denominan colectivamente se\u00f1alizaci\u00f3n en China.Su funci\u00f3n es orientar y transmitir informaci\u00f3n.El llamado signo: se puede definir como en diferentes entornos de tiempo y espacio, tomar stand, colgar, colgar, pegar y otros m\u00e9todos de instalaci\u00f3n, tienen un cierto est\u00e1ndar de producci\u00f3n de la variedad de textura, a trav\u00e9s de la expresi\u00f3n gr\u00e1fica de texto de la funci\u00f3n de orientaci\u00f3n o funci\u00f3n de informaci\u00f3n del dispositivo de identificaci\u00f3n.<\/p>\n<p>Las formas espec\u00edficas de expresi\u00f3n del logotipo son diversas: hay texto, gr\u00e1ficos, sonido, im\u00e1genes, fotoelectricidad y otras maneras de lograr el prop\u00f3sito de expresi\u00f3n a trav\u00e9s del soporte de madera, metal, pl\u00e1stico, caucho, textil, papel, pantalla de cristal l\u00edquido, etc.<\/p>\n<p>Los signos son por lo general placas, esferas, columnas, fuentes y otras formas de expresi\u00f3n, la forma de realizaci\u00f3n tambi\u00e9n tiene una proyecci\u00f3n s\u00f3lida y fotoel\u00e9ctrica y otras formas, los signos modernos se han desarrollado a una variedad de formas de expresi\u00f3n a trav\u00e9s de una variedad de combinaciones de medios para lograr el prop\u00f3sito de expresi\u00f3n, y esta es la forma de placas son las m\u00e1s comunes, el siguiente se centra en algunos de los conocimientos b\u00e1sicos de la se\u00f1alizaci\u00f3n.<\/p>\n<p>Se\u00f1alizaci\u00f3n (vallas publicitarias) a puntos materiales: hay se\u00f1alizaci\u00f3n de madera, se\u00f1alizaci\u00f3n met\u00e1lica (cobre, hierro, aluminio, esta\u00f1o, titanio, acero inoxidable y aleaciones), se\u00f1alizaci\u00f3n org\u00e1nica, se\u00f1alizaci\u00f3n mixta, se\u00f1alizaci\u00f3n luminosa (como ne\u00f3n, se\u00f1alizaci\u00f3n con fuente de luz LED, se\u00f1alizaci\u00f3n conductora de luz), se\u00f1alizaci\u00f3n textil y de papel, as\u00ed como diversos tipos de nuevos materiales.<\/p>\n<\/div><\/div><\/div><\/div><\/div><div class=\"fusion-fullwidth fullwidth-box fusion-builder-row-2 fusion-flex-container has-pattern-background has-mask-background nonhundred-percent-fullwidth non-hundred-percent-height-scrolling\" style=\"--awb-border-radius-top-left:0px;--awb-border-radius-top-right:0px;--awb-border-radius-bottom-right:0px;--awb-border-radius-bottom-left:0px;--awb-flex-wrap:wrap;\" ><div class=\"fusion-builder-row fusion-row fusion-flex-align-items-flex-start fusion-flex-content-wrap\" style=\"max-width:1456px;margin-left: calc(-4% \/ 2 );margin-right: calc(-4% \/ 2 );\"><div class=\"fusion-layout-column fusion_builder_column fusion-builder-column-2 fusion_builder_column_1_1 1_1 fusion-flex-column\" style=\"--awb-bg-size:cover;--awb-width-large:100%;--awb-margin-top-large:0px;--awb-spacing-right-large:1.92%;--awb-margin-bottom-large:20px;--awb-spacing-left-large:1.92%;--awb-width-medium:100%;--awb-order-medium:0;--awb-spacing-right-medium:1.92%;--awb-spacing-left-medium:1.92%;--awb-width-small:100%;--awb-order-small:0;--awb-spacing-right-small:1.92%;--awb-spacing-left-small:1.92%;\"><div class=\"fusion-column-wrapper fusion-column-has-shadow fusion-flex-justify-content-flex-start fusion-content-layout-column\"><div class=\"fusion-text fusion-text-2\"><h2>Clasificaci\u00f3n de la se\u00f1alizaci\u00f3n (rotulaci\u00f3n)<\/h2>\n<p>Se\u00f1alizaci\u00f3n, de acuerdo con el medio ambiente se puede dividir en interiores y exteriores.Interior y exterior en comparaci\u00f3n con el m\u00e1s importante es la prominencia del sol y el viento, por lo que en el contacto inicial con el cliente, por lo general entender el cliente se coloca en el interior o al aire libre, a fin de recomendar al cliente el m\u00e1s valioso, los productos m\u00e1s adecuados.A menudo, la mano de obra y los materiales utilizados en el exterior son mucho m\u00e1s estrictos que los utilizados en el interior.<\/p>\n<p>La se\u00f1alizaci\u00f3n es una forma de lograr alg\u00fan tipo de comodidad visual para los clientes que<strong>La se\u00f1alizaci\u00f3n<\/strong>pueden dividirse en las siguientes categor\u00edas seg\u00fan su morfolog\u00eda:<br \/>\n1. Horizontal: Toda la proporci\u00f3n es m\u00e1s larga horizontalmente.Generalmente se utiliza todo el lado para la se\u00f1alizaci\u00f3n.Suele encontrarse en las paredes de peque\u00f1os comercios y grandes edificios.<br \/>\n2. Vertical: toda la proporci\u00f3n es verticalmente m\u00e1s larga.<\/p>\n<p>3. Forma saliente: Se\u00f1alizaci\u00f3n que sobresale de la pared de un edificio y se utiliza como soporte publicitario en ambos lados de la pared, excepto en la parte posterior, donde se dispone de todo el lado o de ambos lados de la pared.<br \/>\n4\u3001Forma de columna en el suelo: marcada en el suelo sobre alguna estructura fija de la forma horizontal, vertical, tridimensional de la se\u00f1alizaci\u00f3n.<br \/>\n5. Tipo azotea: se refiere a la azotea de un edificio para instalar algunas estructuras fijas, y colgar o pegar en la parte superior del tablero en forma de cubo viviente o se\u00f1alizaci\u00f3n fantasma.<\/p>\n<h2>Acerca de la revisi\u00f3n y aprobaci\u00f3n<\/h2>\n<p>Hay determinados lugares en los que est\u00e1 prohibida la instalaci\u00f3n de ciertos r\u00f3tulos o existen ciertas dimensiones y normas.Normalmente se trata de lugares como: centros comerciales, zonas tur\u00edsticas esc\u00e9nicas, zonas de protecci\u00f3n del medio ambiente, etc.Generalmente los centros comerciales permiten el acceso a la instalaci\u00f3n en un horario especial, por lo que recomendamos que cada cliente consulte al propietario o a la persona al tanto a la hora de alquilar un local para evitar p\u00e9rdidas innecesarias.<\/p>\n<\/div><\/div><\/div><\/div><\/div><div class=\"fusion-fullwidth fullwidth-box fusion-builder-row-3 fusion-flex-container has-pattern-background has-mask-background nonhundred-percent-fullwidth non-hundred-percent-height-scrolling\" style=\"--awb-border-radius-top-left:0px;--awb-border-radius-top-right:0px;--awb-border-radius-bottom-right:0px;--awb-border-radius-bottom-left:0px;--awb-padding-right:0px;--awb-padding-left:0px;--awb-padding-right-small:20px;--awb-padding-left-small:20px;--awb-background-color:#5f5f5f;--awb-flex-wrap:wrap;\" ><div class=\"fusion-builder-row fusion-row fusion-flex-align-items-flex-start fusion-flex-content-wrap\" style=\"max-width:1456px;margin-left: calc(-4% \/ 2 );margin-right: calc(-4% \/ 2 );\"><div class=\"fusion-layout-column fusion_builder_column fusion-builder-column-3 fusion_builder_column_1_1 1_1 fusion-flex-column\" style=\"--awb-bg-size:cover;--awb-width-large:100%;--awb-margin-top-large:0px;--awb-spacing-right-large:1.92%;--awb-margin-bottom-large:0px;--awb-spacing-left-large:1.92%;--awb-width-medium:100%;--awb-order-medium:0;--awb-spacing-right-medium:1.92%;--awb-spacing-left-medium:1.92%;--awb-width-small:100%;--awb-order-small:0;--awb-spacing-right-small:1.92%;--awb-spacing-left-small:1.92%;\"><div class=\"fusion-column-wrapper fusion-column-has-shadow fusion-flex-justify-content-flex-start fusion-content-layout-column\"><div class=\"fusion-image-element\" style=\"--awb-caption-title-font-family:var(--h2_typography-font-family);--awb-caption-title-font-weight:var(--h2_typography-font-weight);--awb-caption-title-font-style:var(--h2_typography-font-style);--awb-caption-title-size:var(--h2_typography-font-size);--awb-caption-title-transform:var(--h2_typography-text-transform);--awb-caption-title-line-height:var(--h2_typography-line-height);--awb-caption-title-letter-spacing:var(--h2_typography-letter-spacing);\"><span class=\"fusion-imageframe imageframe-none imageframe-1 hover-type-none\"><img decoding=\"async\" width=\"1100\" height=\"43\" title=\"footer1-1\" src=\"https:\/\/grupoa1.es\/wp-content\/uploads\/2025\/01\/\u9996\u9875\u5e95\u90e8\uff0c\u6211\u4eec\u7684\u670d\u52a1\u4e0b\u9762.jpg\" alt class=\"img-responsive wp-image-383\" srcset=\"https:\/\/grupoa1.es\/wp-content\/uploads\/2025\/01\/\u9996\u9875\u5e95\u90e8\uff0c\u6211\u4eec\u7684\u670d\u52a1\u4e0b\u9762-18x1.jpg 18w, https:\/\/grupoa1.es\/wp-content\/uploads\/2025\/01\/\u9996\u9875\u5e95\u90e8\uff0c\u6211\u4eec\u7684\u670d\u52a1\u4e0b\u9762-200x8.jpg 200w, https:\/\/grupoa1.es\/wp-content\/uploads\/2025\/01\/\u9996\u9875\u5e95\u90e8\uff0c\u6211\u4eec\u7684\u670d\u52a1\u4e0b\u9762-300x12.jpg 300w, https:\/\/grupoa1.es\/wp-content\/uploads\/2025\/01\/\u9996\u9875\u5e95\u90e8\uff0c\u6211\u4eec\u7684\u670d\u52a1\u4e0b\u9762-400x16.jpg 400w, https:\/\/grupoa1.es\/wp-content\/uploads\/2025\/01\/\u9996\u9875\u5e95\u90e8\uff0c\u6211\u4eec\u7684\u670d\u52a1\u4e0b\u9762-600x23.jpg 600w, https:\/\/grupoa1.es\/wp-content\/uploads\/2025\/01\/\u9996\u9875\u5e95\u90e8\uff0c\u6211\u4eec\u7684\u670d\u52a1\u4e0b\u9762-768x30.jpg 768w, https:\/\/grupoa1.es\/wp-content\/uploads\/2025\/01\/\u9996\u9875\u5e95\u90e8\uff0c\u6211\u4eec\u7684\u670d\u52a1\u4e0b\u9762-800x31.jpg 800w, https:\/\/grupoa1.es\/wp-content\/uploads\/2025\/01\/\u9996\u9875\u5e95\u90e8\uff0c\u6211\u4eec\u7684\u670d\u52a1\u4e0b\u9762-1024x40.jpg 1024w, https:\/\/grupoa1.es\/wp-content\/uploads\/2025\/01\/\u9996\u9875\u5e95\u90e8\uff0c\u6211\u4eec\u7684\u670d\u52a1\u4e0b\u9762.jpg 1100w\" sizes=\"(max-width: 640px) 100vw, 1100px\" \/><\/span><\/div><\/div><\/div><\/div><\/div>\n<\/p>","protected":false},"excerpt":{"rendered":"","protected":false},"author":1,"featured_media":0,"parent":0,"menu_order":0,"comment_status":"closed","ping_status":"closed","template":"100-width.php","meta":{"footnotes":""},"class_list":["post-82","page","type-page","status-publish","hentry"],"_links":{"self":[{"href":"https:\/\/grupoa1.es\/es\/wp-json\/wp\/v2\/pages\/82","targetHints":{"allow":["GET"]}}],"collection":[{"href":"https:\/\/grupoa1.es\/es\/wp-json\/wp\/v2\/pages"}],"about":[{"href":"https:\/\/grupoa1.es\/es\/wp-json\/wp\/v2\/types\/page"}],"author":[{"embeddable":true,"href":"https:\/\/grupoa1.es\/es\/wp-json\/wp\/v2\/users\/1"}],"replies":[{"embeddable":true,"href":"https:\/\/grupoa1.es\/es\/wp-json\/wp\/v2\/comments?post=82"}],"version-history":[{"count":5,"href":"https:\/\/grupoa1.es\/es\/wp-json\/wp\/v2\/pages\/82\/revisions"}],"predecessor-version":[{"id":744,"href":"https:\/\/grupoa1.es\/es\/wp-json\/wp\/v2\/pages\/82\/revisions\/744"}],"wp:attachment":[{"href":"https:\/\/grupoa1.es\/es\/wp-json\/wp\/v2\/media?parent=82"}],"curies":[{"name":"wp","href":"https:\/\/api.w.org\/{rel}","templated":true}]}}